{"id":8297,"date":"2023-10-16T13:33:14","date_gmt":"2023-10-16T11:33:14","guid":{"rendered":"https:\/\/kreatywny-kacik.com.pl\/?post_type=product&#038;p=8297"},"modified":"2025-11-28T10:15:53","modified_gmt":"2025-11-28T09:15:53","slug":"kula-akrylowa-12-cm-z-otworem","status":"publish","type":"product","link":"https:\/\/kreatywny-kacik.com.pl\/index.php\/produkt\/kula-akrylowa-12-cm-z-otworem\/","title":{"rendered":"Kula akrylowa z otworem"},"content":{"rendered":"<p>Kula akrylowa sk\u0142adana z dw\u00f3ch cz\u0119\u015bci o \u015brednicy 12 cm, z otworem<\/p>\n","protected":false},"excerpt":{"rendered":"<p>Kula akrylowa sk\u0142adana z dw\u00f3ch cz\u0119\u015bci o \u015brednicy 12 cm, z otworem<\/p>\n","protected":false},"featured_media":8298,"comment_status":"open","ping_status":"closed","template":"","meta":[],"product_brand":[],"product_cat":[12],"product_tag":[],"class_list":{"0":"post-8297","1":"product","2":"type-product","3":"status-publish","4":"has-post-thumbnail","6":"product_cat-akrylowe-formy","8":"first","9":"instock","10":"shipping-taxable","11":"purchasable","12":"product-type-simple"},"_links":{"self":[{"href":"https:\/\/kreatywny-kacik.com.pl\/index.php\/wp-json\/wp\/v2\/product\/8297","targetHints":{"allow":["GET"]}}],"collection":[{"href":"https:\/\/kreatywny-kacik.com.pl\/index.php\/wp-json\/wp\/v2\/product"}],"about":[{"href":"https:\/\/kreatywny-kacik.com.pl\/index.php\/wp-json\/wp\/v2\/types\/product"}],"replies":[{"embeddable":true,"href":"https:\/\/kreatywny-kacik.com.pl\/index.php\/wp-json\/wp\/v2\/comments?post=8297"}],"wp:featuredmedia":[{"embeddable":true,"href":"https:\/\/kreatywny-kacik.com.pl\/index.php\/wp-json\/wp\/v2\/media\/8298"}],"wp:attachment":[{"href":"https:\/\/kreatywny-kacik.com.pl\/index.php\/wp-json\/wp\/v2\/media?parent=8297"}],"wp:term":[{"taxonomy":"product_brand","embeddable":true,"href":"https:\/\/kreatywny-kacik.com.pl\/index.php\/wp-json\/wp\/v2\/product_brand?post=8297"},{"taxonomy":"product_cat","embeddable":true,"href":"https:\/\/kreatywny-kacik.com.pl\/index.php\/wp-json\/wp\/v2\/product_cat?post=8297"},{"taxonomy":"product_tag","embeddable":true,"href":"https:\/\/kreatywny-kacik.com.pl\/index.php\/wp-json\/wp\/v2\/product_tag?post=8297"}],"curies":[{"name":"wp","href":"https:\/\/api.w.org\/{rel}","templated":true}]}}