{"id":7335,"date":"2020-04-14T14:53:40","date_gmt":"2020-04-14T12:53:40","guid":{"rendered":"http:\/\/kreatywny-kacik.com.pl\/?post_type=product&#038;p=7335"},"modified":"2025-11-28T09:46:20","modified_gmt":"2025-11-28T08:46:20","slug":"napis-kochanemu-tacie-100-x-43-mm-ws080","status":"publish","type":"product","link":"https:\/\/kreatywny-kacik.com.pl\/index.php\/produkt\/napis-kochanemu-tacie-100-x-43-mm-ws080\/","title":{"rendered":"Kochanemu Tacie"},"content":{"rendered":"<div class=\"_1voj4 _z9prt _1xzdi _ai5yc _5d6n2 _15lj1\">\n<div class=\"_2d49e_5pK0q\">\n<p>DEKOR W FORMIE NAPISU- KOCHANEMU TACIE.<\/p>\n<p><b>WYMIARY:<\/b><\/p>\n<ul>\n<li><b>NAPIS<\/b>: 100 x 43 mm<\/li>\n<\/ul>\n<p><b>GRUBO\u015a\u0106 SKLEJKI<\/b>: 3 mm<\/p>\n<p><b>DEKOR MO\u017bNA POMALOWA\u0106 LUB ZOSTAWI\u0106 W STANIE SUROWYM.<\/b><\/p>\n<p><b>IDEALNIE NADAJE SI\u0118 DO OZDABIANIA PUDE\u0141EK, SKRZYNEK.<\/b><\/p>\n<\/div>\n<\/div>\n","protected":false},"excerpt":{"rendered":"<p>DEKOR W FORMIE NAPISU- KOCHANEMU TACIE. WYMIARY: NAPIS: 100 x 43 mm GRUBO\u015a\u0106 SKLEJKI: 3 mm DEKOR MO\u017bNA POMALOWA\u0106 LUB ZOSTAWI\u0106 W STANIE SUROWYM. IDEALNIE NADAJE SI\u0118 DO OZDABIANIA PUDE\u0141EK, [&hellip;]<\/p>\n","protected":false},"featured_media":7336,"comment_status":"open","ping_status":"closed","template":"","meta":[],"product_brand":[],"product_cat":[123,101],"product_tag":[],"class_list":{"0":"post-7335","1":"product","2":"type-product","3":"status-publish","4":"has-post-thumbnail","6":"product_cat-dzien-mamy-i-taty","7":"product_cat-sklejka","9":"first","10":"instock","11":"shipping-taxable","12":"purchasable","13":"product-type-simple"},"_links":{"self":[{"href":"https:\/\/kreatywny-kacik.com.pl\/index.php\/wp-json\/wp\/v2\/product\/7335","targetHints":{"allow":["GET"]}}],"collection":[{"href":"https:\/\/kreatywny-kacik.com.pl\/index.php\/wp-json\/wp\/v2\/product"}],"about":[{"href":"https:\/\/kreatywny-kacik.com.pl\/index.php\/wp-json\/wp\/v2\/types\/product"}],"replies":[{"embeddable":true,"href":"https:\/\/kreatywny-kacik.com.pl\/index.php\/wp-json\/wp\/v2\/comments?post=7335"}],"wp:featuredmedia":[{"embeddable":true,"href":"https:\/\/kreatywny-kacik.com.pl\/index.php\/wp-json\/wp\/v2\/media\/7336"}],"wp:attachment":[{"href":"https:\/\/kreatywny-kacik.com.pl\/index.php\/wp-json\/wp\/v2\/media?parent=7335"}],"wp:term":[{"taxonomy":"product_brand","embeddable":true,"href":"https:\/\/kreatywny-kacik.com.pl\/index.php\/wp-json\/wp\/v2\/product_brand?post=7335"},{"taxonomy":"product_cat","embeddable":true,"href":"https:\/\/kreatywny-kacik.com.pl\/index.php\/wp-json\/wp\/v2\/product_cat?post=7335"},{"taxonomy":"product_tag","embeddable":true,"href":"https:\/\/kreatywny-kacik.com.pl\/index.php\/wp-json\/wp\/v2\/product_tag?post=7335"}],"curies":[{"name":"wp","href":"https:\/\/api.w.org\/{rel}","templated":true}]}}