{"id":6957,"date":"2020-04-01T11:35:53","date_gmt":"2020-04-01T09:35:53","guid":{"rendered":"http:\/\/kreatywny-kacik.com.pl\/?post_type=product&#038;p=6957"},"modified":"2024-01-31T01:03:17","modified_gmt":"2024-01-31T00:03:17","slug":"dekor-kochanej-mamie-ws094","status":"publish","type":"product","link":"https:\/\/kreatywny-kacik.com.pl\/index.php\/produkt\/dekor-kochanej-mamie-ws094\/","title":{"rendered":"Kochanej Mamie"},"content":{"rendered":"<p>DEKOR W FORMIE PO\u0141\u0104CZONEGO NAPISU- KOCHANEJ MAMIE.<\/p>\n<p><b>WYMIARY:<\/b><\/p>\n<ul>\n<li><b>NAPIS<\/b>: 100 x 40 mm<\/li>\n<\/ul>\n<p><b>GRUBO\u015a\u0106 SKLEJKI<\/b>: 3 mm<\/p>\n<p>DEKOR MO\u017bNA POMALOWA\u0106 LUB ZOSTAWI\u0106 W STANIE SUROWYM.<\/p>\n<p>IDEALNIE NADAJE SI\u0118 DO OZDABIANIA PUDE\u0141EK, SKRZYNEK.<\/p>\n","protected":false},"excerpt":{"rendered":"<p>DEKOR W FORMIE PO\u0141\u0104CZONEGO NAPISU- KOCHANEJ MAMIE. WYMIARY: NAPIS: 100 x 40 mm GRUBO\u015a\u0106 SKLEJKI: 3 mm DEKOR MO\u017bNA POMALOWA\u0106 LUB ZOSTAWI\u0106 W STANIE SUROWYM. IDEALNIE NADAJE SI\u0118 DO OZDABIANIA [&hellip;]<\/p>\n","protected":false},"featured_media":6684,"comment_status":"open","ping_status":"closed","template":"","meta":[],"product_brand":[],"product_cat":[123,101],"product_tag":[],"class_list":{"0":"post-6957","1":"product","2":"type-product","3":"status-publish","4":"has-post-thumbnail","6":"product_cat-dzien-mamy-i-taty","7":"product_cat-sklejka","9":"first","10":"instock","11":"shipping-taxable","12":"purchasable","13":"product-type-simple"},"_links":{"self":[{"href":"https:\/\/kreatywny-kacik.com.pl\/index.php\/wp-json\/wp\/v2\/product\/6957","targetHints":{"allow":["GET"]}}],"collection":[{"href":"https:\/\/kreatywny-kacik.com.pl\/index.php\/wp-json\/wp\/v2\/product"}],"about":[{"href":"https:\/\/kreatywny-kacik.com.pl\/index.php\/wp-json\/wp\/v2\/types\/product"}],"replies":[{"embeddable":true,"href":"https:\/\/kreatywny-kacik.com.pl\/index.php\/wp-json\/wp\/v2\/comments?post=6957"}],"wp:featuredmedia":[{"embeddable":true,"href":"https:\/\/kreatywny-kacik.com.pl\/index.php\/wp-json\/wp\/v2\/media\/6684"}],"wp:attachment":[{"href":"https:\/\/kreatywny-kacik.com.pl\/index.php\/wp-json\/wp\/v2\/media?parent=6957"}],"wp:term":[{"taxonomy":"product_brand","embeddable":true,"href":"https:\/\/kreatywny-kacik.com.pl\/index.php\/wp-json\/wp\/v2\/product_brand?post=6957"},{"taxonomy":"product_cat","embeddable":true,"href":"https:\/\/kreatywny-kacik.com.pl\/index.php\/wp-json\/wp\/v2\/product_cat?post=6957"},{"taxonomy":"product_tag","embeddable":true,"href":"https:\/\/kreatywny-kacik.com.pl\/index.php\/wp-json\/wp\/v2\/product_tag?post=6957"}],"curies":[{"name":"wp","href":"https:\/\/api.w.org\/{rel}","templated":true}]}}