{"id":6487,"date":"2020-03-23T15:34:35","date_gmt":"2020-03-23T14:34:35","guid":{"rendered":"http:\/\/kreatywny-kacik.com.pl\/?post_type=product&#038;p=6487"},"modified":"2024-01-31T13:44:41","modified_gmt":"2024-01-31T12:44:41","slug":"dekor-golabki-2-szt","status":"publish","type":"product","link":"https:\/\/kreatywny-kacik.com.pl\/index.php\/produkt\/dekor-golabki-2-szt\/","title":{"rendered":"Go\u0142\u0105bki 2 szt"},"content":{"rendered":"<h1>DEKOR \u015aLUBNY W KSZTA\u0141CIE GO\u0141\u0104BK\u00d3W 2 SZT<\/h1>\n<ul>\n<li><b>WYMIARY<\/b>: 4,6 x 5 cm<\/li>\n<li><b>GRUBO\u015a\u0106 SKLEJKI<\/b>: 3 mm<\/li>\n<\/ul>\n<p><b>DEKOR MO\u017bNA POMALOWA\u0106 LUB ZOSTAWI\u0106 W STANIE SUROWYM.<\/b><\/p>\n<p><b>IDEALNIE NADAJE SI\u0118 DO OZDABIANIA SKRZYNEK NA KOPERTY LUB PUDE\u0141EK NA OBR\u0104CZKI.<\/b><\/p>\n","protected":false},"excerpt":{"rendered":"<p>DEKOR \u015aLUBNY W KSZTA\u0141CIE GO\u0141\u0104BK\u00d3W 2 SZT WYMIARY: 4,6 x 5 cm GRUBO\u015a\u0106 SKLEJKI: 3 mm DEKOR MO\u017bNA POMALOWA\u0106 LUB ZOSTAWI\u0106 W STANIE SUROWYM. IDEALNIE NADAJE SI\u0118 DO OZDABIANIA SKRZYNEK [&hellip;]<\/p>\n","protected":false},"featured_media":6473,"comment_status":"open","ping_status":"closed","template":"","meta":[],"product_brand":[],"product_cat":[117,101],"product_tag":[],"class_list":{"0":"post-6487","1":"product","2":"type-product","3":"status-publish","4":"has-post-thumbnail","6":"product_cat-slubne","7":"product_cat-sklejka","9":"first","10":"instock","11":"shipping-taxable","12":"purchasable","13":"product-type-simple"},"_links":{"self":[{"href":"https:\/\/kreatywny-kacik.com.pl\/index.php\/wp-json\/wp\/v2\/product\/6487","targetHints":{"allow":["GET"]}}],"collection":[{"href":"https:\/\/kreatywny-kacik.com.pl\/index.php\/wp-json\/wp\/v2\/product"}],"about":[{"href":"https:\/\/kreatywny-kacik.com.pl\/index.php\/wp-json\/wp\/v2\/types\/product"}],"replies":[{"embeddable":true,"href":"https:\/\/kreatywny-kacik.com.pl\/index.php\/wp-json\/wp\/v2\/comments?post=6487"}],"wp:featuredmedia":[{"embeddable":true,"href":"https:\/\/kreatywny-kacik.com.pl\/index.php\/wp-json\/wp\/v2\/media\/6473"}],"wp:attachment":[{"href":"https:\/\/kreatywny-kacik.com.pl\/index.php\/wp-json\/wp\/v2\/media?parent=6487"}],"wp:term":[{"taxonomy":"product_brand","embeddable":true,"href":"https:\/\/kreatywny-kacik.com.pl\/index.php\/wp-json\/wp\/v2\/product_brand?post=6487"},{"taxonomy":"product_cat","embeddable":true,"href":"https:\/\/kreatywny-kacik.com.pl\/index.php\/wp-json\/wp\/v2\/product_cat?post=6487"},{"taxonomy":"product_tag","embeddable":true,"href":"https:\/\/kreatywny-kacik.com.pl\/index.php\/wp-json\/wp\/v2\/product_tag?post=6487"}],"curies":[{"name":"wp","href":"https:\/\/api.w.org\/{rel}","templated":true}]}}