{"id":5333,"date":"2018-09-18T15:54:32","date_gmt":"2018-09-18T13:54:32","guid":{"rendered":"http:\/\/kreatywny-kacik.com.pl\/?post_type=product&#038;p=5333"},"modified":"2024-01-31T14:14:49","modified_gmt":"2024-01-31T13:14:49","slug":"sowa-zawieszka-z-grawerem","status":"publish","type":"product","link":"https:\/\/kreatywny-kacik.com.pl\/index.php\/produkt\/sowa-zawieszka-z-grawerem\/","title":{"rendered":"Sowa zawieszka"},"content":{"rendered":"<p>Sowa, zawieszka ze sklejki z dowolnym grawerem.<\/p>\n<p>Wymiary 129 x 250 mm.<\/p>\n<p>Grawerowany tekst mo\u017ce by\u0107 dowolny, wg klienta.<\/p>\n<p>Cena sztuk\u0119.<\/p>\n","protected":false},"excerpt":{"rendered":"<p>Sowa, zawieszka ze sklejki z dowolnym grawerem. Wymiary 129 x 250 mm. Grawerowany tekst mo\u017ce by\u0107 dowolny, wg klienta. Cena sztuk\u0119.<\/p>\n","protected":false},"featured_media":5338,"comment_status":"open","ping_status":"closed","template":"","meta":[],"product_brand":[],"product_cat":[164,101],"product_tag":[],"class_list":{"0":"post-5333","1":"product","2":"type-product","3":"status-publish","4":"has-post-thumbnail","6":"product_cat-dzien-nauczyciela","7":"product_cat-sklejka","9":"first","10":"instock","11":"shipping-taxable","12":"purchasable","13":"product-type-simple"},"_links":{"self":[{"href":"https:\/\/kreatywny-kacik.com.pl\/index.php\/wp-json\/wp\/v2\/product\/5333","targetHints":{"allow":["GET"]}}],"collection":[{"href":"https:\/\/kreatywny-kacik.com.pl\/index.php\/wp-json\/wp\/v2\/product"}],"about":[{"href":"https:\/\/kreatywny-kacik.com.pl\/index.php\/wp-json\/wp\/v2\/types\/product"}],"replies":[{"embeddable":true,"href":"https:\/\/kreatywny-kacik.com.pl\/index.php\/wp-json\/wp\/v2\/comments?post=5333"}],"wp:featuredmedia":[{"embeddable":true,"href":"https:\/\/kreatywny-kacik.com.pl\/index.php\/wp-json\/wp\/v2\/media\/5338"}],"wp:attachment":[{"href":"https:\/\/kreatywny-kacik.com.pl\/index.php\/wp-json\/wp\/v2\/media?parent=5333"}],"wp:term":[{"taxonomy":"product_brand","embeddable":true,"href":"https:\/\/kreatywny-kacik.com.pl\/index.php\/wp-json\/wp\/v2\/product_brand?post=5333"},{"taxonomy":"product_cat","embeddable":true,"href":"https:\/\/kreatywny-kacik.com.pl\/index.php\/wp-json\/wp\/v2\/product_cat?post=5333"},{"taxonomy":"product_tag","embeddable":true,"href":"https:\/\/kreatywny-kacik.com.pl\/index.php\/wp-json\/wp\/v2\/product_tag?post=5333"}],"curies":[{"name":"wp","href":"https:\/\/api.w.org\/{rel}","templated":true}]}}