{"id":5228,"date":"2018-08-26T23:52:49","date_gmt":"2018-08-26T21:52:49","guid":{"rendered":"http:\/\/kreatywny-kacik.com.pl\/?post_type=product&#038;p=5228"},"modified":"2024-01-31T14:18:09","modified_gmt":"2024-01-31T13:18:09","slug":"kotwica","status":"publish","type":"product","link":"https:\/\/kreatywny-kacik.com.pl\/index.php\/produkt\/kotwica\/","title":{"rendered":"Kotwica"},"content":{"rendered":"<p>Kotwica wyci\u0119ta ze sklejki o gr. 3 mm.<\/p>\n<p>Dost\u0119pna w rozmiarach 6 i 10 cm.<\/p>\n<p><span style=\"font-weight: inherit;\">Cena za sztuk\u0119.<\/span><\/p>\n<p>Wyprodukowano w Polsce.<\/p>\n","protected":false},"excerpt":{"rendered":"<p>Kotwica wyci\u0119ta ze sklejki o gr. 3 mm. Dost\u0119pna w rozmiarach 6 i 10 cm. Cena za sztuk\u0119. Wyprodukowano w Polsce.<\/p>\n","protected":false},"featured_media":4926,"comment_status":"open","ping_status":"closed","template":"","meta":[],"product_brand":[],"product_cat":[150,101],"product_tag":[],"class_list":{"0":"post-5228","1":"product","2":"type-product","3":"status-publish","4":"has-post-thumbnail","6":"product_cat-morskie-sklejka","7":"product_cat-sklejka","9":"first","10":"instock","11":"shipping-taxable","12":"purchasable","13":"product-type-variable"},"_links":{"self":[{"href":"https:\/\/kreatywny-kacik.com.pl\/index.php\/wp-json\/wp\/v2\/product\/5228","targetHints":{"allow":["GET"]}}],"collection":[{"href":"https:\/\/kreatywny-kacik.com.pl\/index.php\/wp-json\/wp\/v2\/product"}],"about":[{"href":"https:\/\/kreatywny-kacik.com.pl\/index.php\/wp-json\/wp\/v2\/types\/product"}],"replies":[{"embeddable":true,"href":"https:\/\/kreatywny-kacik.com.pl\/index.php\/wp-json\/wp\/v2\/comments?post=5228"}],"wp:featuredmedia":[{"embeddable":true,"href":"https:\/\/kreatywny-kacik.com.pl\/index.php\/wp-json\/wp\/v2\/media\/4926"}],"wp:attachment":[{"href":"https:\/\/kreatywny-kacik.com.pl\/index.php\/wp-json\/wp\/v2\/media?parent=5228"}],"wp:term":[{"taxonomy":"product_brand","embeddable":true,"href":"https:\/\/kreatywny-kacik.com.pl\/index.php\/wp-json\/wp\/v2\/product_brand?post=5228"},{"taxonomy":"product_cat","embeddable":true,"href":"https:\/\/kreatywny-kacik.com.pl\/index.php\/wp-json\/wp\/v2\/product_cat?post=5228"},{"taxonomy":"product_tag","embeddable":true,"href":"https:\/\/kreatywny-kacik.com.pl\/index.php\/wp-json\/wp\/v2\/product_tag?post=5228"}],"curies":[{"name":"wp","href":"https:\/\/api.w.org\/{rel}","templated":true}]}}