{"id":3778,"date":"2017-10-27T12:31:01","date_gmt":"2017-10-27T10:31:01","guid":{"rendered":"http:\/\/kreatywny-kacik.com.pl\/?post_type=product&#038;p=3778"},"modified":"2024-02-01T23:24:09","modified_gmt":"2024-02-01T22:24:09","slug":"farba-darwi-ice-efekt-szronu-bialy","status":"publish","type":"product","link":"https:\/\/kreatywny-kacik.com.pl\/index.php\/produkt\/farba-darwi-ice-efekt-szronu-bialy\/","title":{"rendered":"Farba efekt szronu bia\u0142y"},"content":{"rendered":"<p>Farba akrylowa na bazie wody, daje efekt szronu, zmro\u017cenia.<\/p>\n<p>Farb\u0119 mo\u017cna nak\u0142ada\u0107 p\u0119dzlem, g\u0105bk\u0105 lub szpatu\u0142k\u0105.<\/p>\n<p>Ca\u0142kowite wyschni\u0119cie w temperaturze pokojowej po 48 godzinach.<\/p>\n<p>Pojemno\u015b\u0107 80 ml.<\/p>\n<p>&nbsp;<\/p>\n<p>&nbsp;<\/p>\n","protected":false},"excerpt":{"rendered":"<p>Farba akrylowa na bazie wody, daje efekt szronu, zmro\u017cenia. Farb\u0119 mo\u017cna nak\u0142ada\u0107 p\u0119dzlem, g\u0105bk\u0105 lub szpatu\u0142k\u0105. Ca\u0142kowite wyschni\u0119cie w temperaturze pokojowej po 48 godzinach. Pojemno\u015b\u0107 80 ml. &nbsp; &nbsp;<\/p>\n","protected":false},"featured_media":3777,"comment_status":"open","ping_status":"closed","template":"","meta":[],"product_brand":[],"product_cat":[8,14],"product_tag":[],"class_list":{"0":"post-3778","1":"product","2":"type-product","3":"status-publish","4":"has-post-thumbnail","6":"product_cat-decoupage","7":"product_cat-farby","9":"first","10":"outofstock","11":"shipping-taxable","12":"purchasable","13":"product-type-simple"},"_links":{"self":[{"href":"https:\/\/kreatywny-kacik.com.pl\/index.php\/wp-json\/wp\/v2\/product\/3778","targetHints":{"allow":["GET"]}}],"collection":[{"href":"https:\/\/kreatywny-kacik.com.pl\/index.php\/wp-json\/wp\/v2\/product"}],"about":[{"href":"https:\/\/kreatywny-kacik.com.pl\/index.php\/wp-json\/wp\/v2\/types\/product"}],"replies":[{"embeddable":true,"href":"https:\/\/kreatywny-kacik.com.pl\/index.php\/wp-json\/wp\/v2\/comments?post=3778"}],"wp:featuredmedia":[{"embeddable":true,"href":"https:\/\/kreatywny-kacik.com.pl\/index.php\/wp-json\/wp\/v2\/media\/3777"}],"wp:attachment":[{"href":"https:\/\/kreatywny-kacik.com.pl\/index.php\/wp-json\/wp\/v2\/media?parent=3778"}],"wp:term":[{"taxonomy":"product_brand","embeddable":true,"href":"https:\/\/kreatywny-kacik.com.pl\/index.php\/wp-json\/wp\/v2\/product_brand?post=3778"},{"taxonomy":"product_cat","embeddable":true,"href":"https:\/\/kreatywny-kacik.com.pl\/index.php\/wp-json\/wp\/v2\/product_cat?post=3778"},{"taxonomy":"product_tag","embeddable":true,"href":"https:\/\/kreatywny-kacik.com.pl\/index.php\/wp-json\/wp\/v2\/product_tag?post=3778"}],"curies":[{"name":"wp","href":"https:\/\/api.w.org\/{rel}","templated":true}]}}