{"id":3647,"date":"2017-10-05T17:28:44","date_gmt":"2017-10-05T15:28:44","guid":{"rendered":"http:\/\/kreatywny-kacik.com.pl\/?post_type=product&#038;p=3647"},"modified":"2024-01-27T11:31:51","modified_gmt":"2024-01-27T10:31:51","slug":"akrylowa-choinka-10-cm","status":"publish","type":"product","link":"https:\/\/kreatywny-kacik.com.pl\/index.php\/produkt\/akrylowa-choinka-10-cm\/","title":{"rendered":"Akrylowa choinka 10 cm"},"content":{"rendered":"<p>Akrylowa choinka o wysoko\u015bci 10 cm, sk\u0142adana z dw\u00f3ch cz\u0119\u015bci.<\/p>\n","protected":false},"excerpt":{"rendered":"<p>Akrylowa choinka o wysoko\u015bci 10 cm, sk\u0142adana z dw\u00f3ch cz\u0119\u015bci.<\/p>\n","protected":false},"featured_media":3646,"comment_status":"open","ping_status":"closed","template":"","meta":[],"product_brand":[],"product_cat":[12],"product_tag":[],"class_list":{"0":"post-3647","1":"product","2":"type-product","3":"status-publish","4":"has-post-thumbnail","6":"product_cat-akrylowe-formy","8":"first","9":"instock","10":"shipping-taxable","11":"purchasable","12":"product-type-simple"},"_links":{"self":[{"href":"https:\/\/kreatywny-kacik.com.pl\/index.php\/wp-json\/wp\/v2\/product\/3647","targetHints":{"allow":["GET"]}}],"collection":[{"href":"https:\/\/kreatywny-kacik.com.pl\/index.php\/wp-json\/wp\/v2\/product"}],"about":[{"href":"https:\/\/kreatywny-kacik.com.pl\/index.php\/wp-json\/wp\/v2\/types\/product"}],"replies":[{"embeddable":true,"href":"https:\/\/kreatywny-kacik.com.pl\/index.php\/wp-json\/wp\/v2\/comments?post=3647"}],"wp:featuredmedia":[{"embeddable":true,"href":"https:\/\/kreatywny-kacik.com.pl\/index.php\/wp-json\/wp\/v2\/media\/3646"}],"wp:attachment":[{"href":"https:\/\/kreatywny-kacik.com.pl\/index.php\/wp-json\/wp\/v2\/media?parent=3647"}],"wp:term":[{"taxonomy":"product_brand","embeddable":true,"href":"https:\/\/kreatywny-kacik.com.pl\/index.php\/wp-json\/wp\/v2\/product_brand?post=3647"},{"taxonomy":"product_cat","embeddable":true,"href":"https:\/\/kreatywny-kacik.com.pl\/index.php\/wp-json\/wp\/v2\/product_cat?post=3647"},{"taxonomy":"product_tag","embeddable":true,"href":"https:\/\/kreatywny-kacik.com.pl\/index.php\/wp-json\/wp\/v2\/product_tag?post=3647"}],"curies":[{"name":"wp","href":"https:\/\/api.w.org\/{rel}","templated":true}]}}