{"id":2459,"date":"2017-01-18T15:29:45","date_gmt":"2017-01-18T14:29:45","guid":{"rendered":"http:\/\/kreatywny-kacik.com.pl\/index.php\/produkt\/jajo-akrylowe-12-cm\/"},"modified":"2024-01-27T11:36:23","modified_gmt":"2024-01-27T10:36:23","slug":"jajo-akrylowe-12-cm","status":"publish","type":"product","link":"https:\/\/kreatywny-kacik.com.pl\/index.php\/produkt\/jajo-akrylowe-12-cm\/","title":{"rendered":"Jajo akrylowe 12 cm"},"content":{"rendered":"<p>Jajo akrylowe, sk\u0142adane z dw\u00f3ch cz\u0119\u015bci z zawieszk\u0105.<\/p>\n<p>\u015awietne jako przestrzenna dekoracja.<\/p>\n<p>Wysoko\u015b\u0107 12 cm.<\/p>\n<p>Cena za jedn\u0105 sztuk\u0119.<\/p>\n","protected":false},"excerpt":{"rendered":"<p>Jajo akrylowe, sk\u0142adane z dw\u00f3ch cz\u0119\u015bci z zawieszk\u0105. \u015awietne jako przestrzenna dekoracja. Wysoko\u015b\u0107 12 cm. Cena za jedn\u0105 sztuk\u0119.<\/p>\n","protected":false},"featured_media":0,"comment_status":"open","ping_status":"closed","template":"","meta":[],"product_brand":[],"product_cat":[12],"product_tag":[],"class_list":{"0":"post-2459","1":"product","2":"type-product","3":"status-publish","5":"product_cat-akrylowe-formy","7":"first","8":"instock","9":"shipping-taxable","10":"purchasable","11":"product-type-simple"},"_links":{"self":[{"href":"https:\/\/kreatywny-kacik.com.pl\/index.php\/wp-json\/wp\/v2\/product\/2459","targetHints":{"allow":["GET"]}}],"collection":[{"href":"https:\/\/kreatywny-kacik.com.pl\/index.php\/wp-json\/wp\/v2\/product"}],"about":[{"href":"https:\/\/kreatywny-kacik.com.pl\/index.php\/wp-json\/wp\/v2\/types\/product"}],"replies":[{"embeddable":true,"href":"https:\/\/kreatywny-kacik.com.pl\/index.php\/wp-json\/wp\/v2\/comments?post=2459"}],"wp:attachment":[{"href":"https:\/\/kreatywny-kacik.com.pl\/index.php\/wp-json\/wp\/v2\/media?parent=2459"}],"wp:term":[{"taxonomy":"product_brand","embeddable":true,"href":"https:\/\/kreatywny-kacik.com.pl\/index.php\/wp-json\/wp\/v2\/product_brand?post=2459"},{"taxonomy":"product_cat","embeddable":true,"href":"https:\/\/kreatywny-kacik.com.pl\/index.php\/wp-json\/wp\/v2\/product_cat?post=2459"},{"taxonomy":"product_tag","embeddable":true,"href":"https:\/\/kreatywny-kacik.com.pl\/index.php\/wp-json\/wp\/v2\/product_tag?post=2459"}],"curies":[{"name":"wp","href":"https:\/\/api.w.org\/{rel}","templated":true}]}}